{"id":470,"date":"2023-05-08T11:16:37","date_gmt":"2023-05-08T11:16:37","guid":{"rendered":"https:\/\/pvmarine.fi\/?page_id=470"},"modified":"2023-06-07T15:11:28","modified_gmt":"2023-06-07T15:11:28","slug":"palvelut","status":"publish","type":"page","link":"https:\/\/pvmarine.fi\/en\/palvelut\/","title":{"rendered":"Services"},"content":{"rendered":"<div data-elementor-type=\"wp-page\" data-elementor-id=\"470\" class=\"elementor elementor-470\" data-elementor-post-type=\"page\">\n\t\t\t\t<div class=\"elementor-element elementor-element-7efcecb e-flex e-con-boxed e-con e-parent\" data-id=\"7efcecb\" data-element_type=\"container\" data-e-type=\"container\" data-settings=\"{&quot;background_background&quot;:&quot;classic&quot;,&quot;jet_parallax_layout_list&quot;:[]}\">\n\t\t\t\t\t<div class=\"e-con-inner\">\n\t\t<div class=\"elementor-element elementor-element-3ce8972 e-con-full elementor-hidden-mobile e-flex e-con e-parent\" data-id=\"3ce8972\" data-element_type=\"container\" data-e-type=\"container\" data-settings=\"{&quot;jet_parallax_layout_list&quot;:[],&quot;background_background&quot;:&quot;classic&quot;}\">\n\t\t\t\t<div class=\"elementor-element elementor-element-d67bf1b elementor-widget elementor-widget-template\" data-id=\"d67bf1b\" data-element_type=\"widget\" data-e-type=\"widget\" data-widget_type=\"template.default\">\n\t\t\t\t<div class=\"elementor-widget-container\">\n\t\t\t\t\t\t\t<div class=\"elementor-template\">\n\t\t\t\t\t<div data-elementor-type=\"section\" data-elementor-id=\"509\" class=\"elementor elementor-509\" data-elementor-post-type=\"elementor_library\">\n\t\t\t<div class=\"elementor-element elementor-element-8f08f40 e-flex e-con-boxed e-con e-parent\" data-id=\"8f08f40\" data-element_type=\"container\" data-e-type=\"container\" data-settings=\"{&quot;jet_parallax_layout_list&quot;:[]}\">\n\t\t\t\t\t<div class=\"e-con-inner\">\n\t\t\t\t<div class=\"elementor-element elementor-element-99c2f18 elementor-hidden-mobile elementor-widget elementor-widget-gallery\" data-id=\"99c2f18\" data-element_type=\"widget\" data-e-type=\"widget\" data-settings=\"{&quot;columns&quot;:2,&quot;aspect_ratio&quot;:&quot;1:1&quot;,&quot;gallery_layout&quot;:&quot;grid&quot;,&quot;columns_tablet&quot;:2,&quot;columns_mobile&quot;:1,&quot;gap&quot;:{&quot;unit&quot;:&quot;px&quot;,&quot;size&quot;:10,&quot;sizes&quot;:[]},&quot;gap_laptop&quot;:{&quot;unit&quot;:&quot;px&quot;,&quot;size&quot;:10,&quot;sizes&quot;:[]},&quot;gap_tablet&quot;:{&quot;unit&quot;:&quot;px&quot;,&quot;size&quot;:10,&quot;sizes&quot;:[]},&quot;gap_mobile&quot;:{&quot;unit&quot;:&quot;px&quot;,&quot;size&quot;:10,&quot;sizes&quot;:[]},&quot;link_to&quot;:&quot;file&quot;,&quot;overlay_background&quot;:&quot;yes&quot;,&quot;content_hover_animation&quot;:&quot;fade-in&quot;}\" data-widget_type=\"gallery.default\">\n\t\t\t\t<div class=\"elementor-widget-container\">\n\t\t\t\t\t\t\t<div class=\"elementor-gallery__container\">\n\t\t\t\t\t\t\t<a class=\"e-gallery-item elementor-gallery-item elementor-animated-content\" href=\"https:\/\/pvmarine.fi\/wp-content\/uploads\/2023\/04\/Laivan_koneisto-scaled.jpeg\" data-elementor-open-lightbox=\"yes\" data-elementor-lightbox-slideshow=\"99c2f18\" data-e-action-hash=\"#elementor-action%3Aaction%3Dlightbox%26settings%3DeyJpZCI6MzQ1LCJ1cmwiOiJodHRwczpcL1wvcHZtYXJpbmUuZmlcL3dwLWNvbnRlbnRcL3VwbG9hZHNcLzIwMjNcLzA0XC9MYWl2YW5fa29uZWlzdG8tc2NhbGVkLmpwZWciLCJzbGlkZXNob3ciOiI5OWMyZjE4In0%3D\">\n\t\t\t\t\t<div class=\"e-gallery-image elementor-gallery-item__image\" data-thumbnail=\"https:\/\/pvmarine.fi\/wp-content\/uploads\/2023\/04\/Laivan_koneisto-1024x768.jpeg\" data-width=\"800\" data-height=\"600\" aria-label=\"Punaiset laivan koneisto putkistot\" role=\"img\" ><\/div>\n\t\t\t\t\t\t\t\t\t\t\t<div class=\"elementor-gallery-item__overlay\"><\/div>\n\t\t\t\t\t\t\t\t\t\t\t\t\t\t<\/a>\n\t\t\t\t\t\t\t<a class=\"e-gallery-item elementor-gallery-item elementor-animated-content\" href=\"https:\/\/pvmarine.fi\/wp-content\/uploads\/2023\/04\/Koneisto-scaled.jpeg\" data-elementor-open-lightbox=\"yes\" data-elementor-lightbox-slideshow=\"99c2f18\" data-e-action-hash=\"#elementor-action%3Aaction%3Dlightbox%26settings%3DeyJpZCI6MzQ3LCJ1cmwiOiJodHRwczpcL1wvcHZtYXJpbmUuZmlcL3dwLWNvbnRlbnRcL3VwbG9hZHNcLzIwMjNcLzA0XC9Lb25laXN0by1zY2FsZWQuanBlZyIsInNsaWRlc2hvdyI6Ijk5YzJmMTgifQ%3D%3D\">\n\t\t\t\t\t<div class=\"e-gallery-image elementor-gallery-item__image\" data-thumbnail=\"https:\/\/pvmarine.fi\/wp-content\/uploads\/2023\/04\/Koneisto-768x1024.jpeg\" data-width=\"768\" data-height=\"1024\" aria-label=\"Dry chemical powder system\" role=\"img\" ><\/div>\n\t\t\t\t\t\t\t\t\t\t\t<div class=\"elementor-gallery-item__overlay\"><\/div>\n\t\t\t\t\t\t\t\t\t\t\t\t\t\t<\/a>\n\t\t\t\t\t\t\t<a class=\"e-gallery-item elementor-gallery-item elementor-animated-content\" href=\"https:\/\/pvmarine.fi\/wp-content\/uploads\/2023\/04\/Laivan_sisalla-scaled.jpeg\" data-elementor-open-lightbox=\"yes\" data-elementor-lightbox-slideshow=\"99c2f18\" data-e-action-hash=\"#elementor-action%3Aaction%3Dlightbox%26settings%3DeyJpZCI6MzM5LCJ1cmwiOiJodHRwczpcL1wvcHZtYXJpbmUuZmlcL3dwLWNvbnRlbnRcL3VwbG9hZHNcLzIwMjNcLzA0XC9MYWl2YW5fc2lzYWxsYS1zY2FsZWQuanBlZyIsInNsaWRlc2hvdyI6Ijk5YzJmMTgifQ%3D%3D\">\n\t\t\t\t\t<div class=\"e-gallery-image elementor-gallery-item__image\" data-thumbnail=\"https:\/\/pvmarine.fi\/wp-content\/uploads\/2023\/04\/Laivan_sisalla-1024x768.jpeg\" data-width=\"800\" data-height=\"600\" aria-label=\"Laivan koneistoa sis\u00e4lt\u00e4 katsottuna\" role=\"img\" ><\/div>\n\t\t\t\t\t\t\t\t\t\t\t<div class=\"elementor-gallery-item__overlay\"><\/div>\n\t\t\t\t\t\t\t\t\t\t\t\t\t\t<\/a>\n\t\t\t\t\t\t\t<a class=\"e-gallery-item elementor-gallery-item elementor-animated-content\" href=\"https:\/\/pvmarine.fi\/wp-content\/uploads\/2023\/04\/Laivan_Pohja_IMG-scaled.jpeg\" data-elementor-open-lightbox=\"yes\" data-elementor-lightbox-slideshow=\"99c2f18\" data-e-action-hash=\"#elementor-action%3Aaction%3Dlightbox%26settings%3DeyJpZCI6MjI4LCJ1cmwiOiJodHRwczpcL1wvcHZtYXJpbmUuZmlcL3dwLWNvbnRlbnRcL3VwbG9hZHNcLzIwMjNcLzA0XC9MYWl2YW5fUG9oamFfSU1HLXNjYWxlZC5qcGVnIiwic2xpZGVzaG93IjoiOTljMmYxOCJ9\">\n\t\t\t\t\t<div class=\"e-gallery-image elementor-gallery-item__image\" data-thumbnail=\"https:\/\/pvmarine.fi\/wp-content\/uploads\/2023\/04\/Laivan_Pohja_IMG-1024x768.jpeg\" data-width=\"800\" data-height=\"600\" aria-label=\"Laivan pohja runko alhaalta p\u00e4in katsottuna\" role=\"img\" ><\/div>\n\t\t\t\t\t\t\t\t\t\t\t<div class=\"elementor-gallery-item__overlay\"><\/div>\n\t\t\t\t\t\t\t\t\t\t\t\t\t\t<\/a>\n\t\t\t\t\t\t\t<a class=\"e-gallery-item elementor-gallery-item elementor-animated-content\" href=\"https:\/\/pvmarine.fi\/wp-content\/uploads\/2023\/05\/PV-Marine_laivan_valmistus.jpg\" data-elementor-open-lightbox=\"yes\" data-elementor-lightbox-slideshow=\"99c2f18\" data-e-action-hash=\"#elementor-action%3Aaction%3Dlightbox%26settings%3DeyJpZCI6NTEwLCJ1cmwiOiJodHRwczpcL1wvcHZtYXJpbmUuZmlcL3dwLWNvbnRlbnRcL3VwbG9hZHNcLzIwMjNcLzA1XC9QVi1NYXJpbmVfbGFpdmFuX3ZhbG1pc3R1cy5qcGciLCJzbGlkZXNob3ciOiI5OWMyZjE4In0%3D\">\n\t\t\t\t\t<div class=\"e-gallery-image elementor-gallery-item__image\" data-thumbnail=\"https:\/\/pvmarine.fi\/wp-content\/uploads\/2023\/05\/PV-Marine_laivan_valmistus-1024x768.jpg\" data-width=\"800\" data-height=\"600\" aria-label=\"laivan rakennus prosessi\" role=\"img\" ><\/div>\n\t\t\t\t\t\t\t\t\t\t\t<div class=\"elementor-gallery-item__overlay\"><\/div>\n\t\t\t\t\t\t\t\t\t\t\t\t\t\t<\/a>\n\t\t\t\t\t\t\t<a class=\"e-gallery-item elementor-gallery-item elementor-animated-content\" href=\"https:\/\/pvmarine.fi\/wp-content\/uploads\/2023\/05\/PV-Marine_laivan_jarjestelma-scaled.jpeg\" data-elementor-open-lightbox=\"yes\" data-elementor-lightbox-slideshow=\"99c2f18\" data-e-action-hash=\"#elementor-action%3Aaction%3Dlightbox%26settings%3DeyJpZCI6NTExLCJ1cmwiOiJodHRwczpcL1wvcHZtYXJpbmUuZmlcL3dwLWNvbnRlbnRcL3VwbG9hZHNcLzIwMjNcLzA1XC9QVi1NYXJpbmVfbGFpdmFuX2phcmplc3RlbG1hLXNjYWxlZC5qcGVnIiwic2xpZGVzaG93IjoiOTljMmYxOCJ9\">\n\t\t\t\t\t<div class=\"e-gallery-image elementor-gallery-item__image\" data-thumbnail=\"https:\/\/pvmarine.fi\/wp-content\/uploads\/2023\/05\/PV-Marine_laivan_jarjestelma-1024x768.jpeg\" data-width=\"800\" data-height=\"600\" aria-label=\"laivan putkistoj\u00e4rjestelm\u00e4\" role=\"img\" ><\/div>\n\t\t\t\t\t\t\t\t\t\t\t<div class=\"elementor-gallery-item__overlay\"><\/div>\n\t\t\t\t\t\t\t\t\t\t\t\t\t\t<\/a>\n\t\t\t\t\t\t\t<a class=\"e-gallery-item elementor-gallery-item elementor-animated-content\" href=\"https:\/\/pvmarine.fi\/wp-content\/uploads\/2023\/05\/PV-Marine_laivan_putki.jpg\" data-elementor-open-lightbox=\"yes\" data-elementor-lightbox-slideshow=\"99c2f18\" data-e-action-hash=\"#elementor-action%3Aaction%3Dlightbox%26settings%3DeyJpZCI6NTEyLCJ1cmwiOiJodHRwczpcL1wvcHZtYXJpbmUuZmlcL3dwLWNvbnRlbnRcL3VwbG9hZHNcLzIwMjNcLzA1XC9QVi1NYXJpbmVfbGFpdmFuX3B1dGtpLmpwZyIsInNsaWRlc2hvdyI6Ijk5YzJmMTgifQ%3D%3D\">\n\t\t\t\t\t<div class=\"e-gallery-image elementor-gallery-item__image\" data-thumbnail=\"https:\/\/pvmarine.fi\/wp-content\/uploads\/2023\/05\/PV-Marine_laivan_putki-1024x768.jpg\" data-width=\"800\" data-height=\"600\" aria-label=\"Laivan putki\" role=\"img\" ><\/div>\n\t\t\t\t\t\t\t\t\t\t\t<div class=\"elementor-gallery-item__overlay\"><\/div>\n\t\t\t\t\t\t\t\t\t\t\t\t\t\t<\/a>\n\t\t\t\t\t\t\t<a class=\"e-gallery-item elementor-gallery-item elementor-animated-content\" href=\"https:\/\/pvmarine.fi\/wp-content\/uploads\/2023\/05\/PV-Marine_Laivan_putkistot-scaled.jpeg\" data-elementor-open-lightbox=\"yes\" data-elementor-lightbox-slideshow=\"99c2f18\" data-e-action-hash=\"#elementor-action%3Aaction%3Dlightbox%26settings%3DeyJpZCI6NTEzLCJ1cmwiOiJodHRwczpcL1wvcHZtYXJpbmUuZmlcL3dwLWNvbnRlbnRcL3VwbG9hZHNcLzIwMjNcLzA1XC9QVi1NYXJpbmVfTGFpdmFuX3B1dGtpc3RvdC1zY2FsZWQuanBlZyIsInNsaWRlc2hvdyI6Ijk5YzJmMTgifQ%3D%3D\">\n\t\t\t\t\t<div class=\"e-gallery-image elementor-gallery-item__image\" data-thumbnail=\"https:\/\/pvmarine.fi\/wp-content\/uploads\/2023\/05\/PV-Marine_Laivan_putkistot-1024x768.jpeg\" data-width=\"800\" data-height=\"600\" aria-label=\"laivan rakennuksen j\u00e4rjestelm\u00e4putket\" role=\"img\" ><\/div>\n\t\t\t\t\t\t\t\t\t\t\t<div class=\"elementor-gallery-item__overlay\"><\/div>\n\t\t\t\t\t\t\t\t\t\t\t\t\t\t<\/a>\n\t\t\t\t\t\t\t<a class=\"e-gallery-item elementor-gallery-item elementor-animated-content\" href=\"https:\/\/pvmarine.fi\/wp-content\/uploads\/2023\/05\/Pipe5-094.jpg\" data-elementor-open-lightbox=\"yes\" data-elementor-lightbox-slideshow=\"99c2f18\" data-e-action-hash=\"#elementor-action%3Aaction%3Dlightbox%26settings%3DeyJpZCI6NTcwLCJ1cmwiOiJodHRwczpcL1wvcHZtYXJpbmUuZmlcL3dwLWNvbnRlbnRcL3VwbG9hZHNcLzIwMjNcLzA1XC9QaXBlNS0wOTQuanBnIiwic2xpZGVzaG93IjoiOTljMmYxOCJ9\">\n\t\t\t\t\t<div class=\"e-gallery-image elementor-gallery-item__image\" data-thumbnail=\"https:\/\/pvmarine.fi\/wp-content\/uploads\/2023\/05\/Pipe5-094-1024x768.jpg\" data-width=\"800\" data-height=\"600\" aria-label=\"putkit\u00f6it\u00e4 laivaprojektissa\" role=\"img\" ><\/div>\n\t\t\t\t\t\t\t\t\t\t\t<div class=\"elementor-gallery-item__overlay\"><\/div>\n\t\t\t\t\t\t\t\t\t\t\t\t\t\t<\/a>\n\t\t\t\t\t\t\t<a class=\"e-gallery-item elementor-gallery-item elementor-animated-content\" href=\"https:\/\/pvmarine.fi\/wp-content\/uploads\/2023\/05\/Econom2_10052006060.jpg\" data-elementor-open-lightbox=\"yes\" data-elementor-lightbox-slideshow=\"99c2f18\" data-e-action-hash=\"#elementor-action%3Aaction%3Dlightbox%26settings%3DeyJpZCI6NTcxLCJ1cmwiOiJodHRwczpcL1wvcHZtYXJpbmUuZmlcL3dwLWNvbnRlbnRcL3VwbG9hZHNcLzIwMjNcLzA1XC9FY29ub20yXzEwMDUyMDA2MDYwLmpwZyIsInNsaWRlc2hvdyI6Ijk5YzJmMTgifQ%3D%3D\">\n\t\t\t\t\t<div class=\"e-gallery-image elementor-gallery-item__image\" data-thumbnail=\"https:\/\/pvmarine.fi\/wp-content\/uploads\/2023\/05\/Econom2_10052006060-1024x768.jpg\" data-width=\"800\" data-height=\"600\" aria-label=\"Ty\u00f6mies ty\u00f6st\u00e4m\u00e4ss\u00e4 putkija laivalla\" role=\"img\" ><\/div>\n\t\t\t\t\t\t\t\t\t\t\t<div class=\"elementor-gallery-item__overlay\"><\/div>\n\t\t\t\t\t\t\t\t\t\t\t\t\t\t<\/a>\n\t\t\t\t\t<\/div>\n\t\t\t\t\t<\/div>\n\t\t\t\t<\/div>\n\t\t\t\t\t<\/div>\n\t\t\t\t<\/div>\n\t\t\t\t<\/div>\n\t\t\t\t<\/div>\n\t\t\t\t\t\t<\/div>\n\t\t\t\t<\/div>\n\t\t\t\t<\/div>\n\t\t<div class=\"elementor-element elementor-element-d65a652 e-con-full e-flex e-con e-parent\" data-id=\"d65a652\" data-element_type=\"container\" data-e-type=\"container\" data-settings=\"{&quot;jet_parallax_layout_list&quot;:[],&quot;background_background&quot;:&quot;classic&quot;}\">\n\t\t\t\t<div class=\"elementor-element elementor-element-91c0653 elementor-widget elementor-widget-heading\" data-id=\"91c0653\" data-element_type=\"widget\" data-e-type=\"widget\" data-widget_type=\"heading.default\">\n\t\t\t\t<div class=\"elementor-widget-container\">\n\t\t\t\t\t<h1 class=\"elementor-heading-title elementor-size-default\">Services<\/h1>\t\t\t\t<\/div>\n\t\t\t\t<\/div>\n\t\t\t\t<div class=\"elementor-element elementor-element-8051fcd elementor-align-center elementor-icon-list--layout-traditional elementor-list-item-link-full_width elementor-widget elementor-widget-icon-list\" data-id=\"8051fcd\" data-element_type=\"widget\" data-e-type=\"widget\" data-widget_type=\"icon-list.default\">\n\t\t\t\t<div class=\"elementor-widget-container\">\n\t\t\t\t\t\t\t<ul class=\"elementor-icon-list-items\">\n\t\t\t\t\t\t\t<li class=\"elementor-icon-list-item\">\n\t\t\t\t\t\t\t\t\t\t<span class=\"elementor-icon-list-text\">Commissioning of systems at shipyards and power plants.<\/span>\n\t\t\t\t\t\t\t\t\t<\/li>\n\t\t\t\t\t\t\t\t<li class=\"elementor-icon-list-item\">\n\t\t\t\t\t\t\t\t\t\t<span class=\"elementor-icon-list-text\">Technical consulting.<\/span>\n\t\t\t\t\t\t\t\t\t<\/li>\n\t\t\t\t\t\t\t\t<li class=\"elementor-icon-list-item\">\n\t\t\t\t\t\t\t\t\t\t<span class=\"elementor-icon-list-text\">Project planning and management.<\/span>\n\t\t\t\t\t\t\t\t\t<\/li>\n\t\t\t\t\t\t<\/ul>\n\t\t\t\t\t\t<\/div>\n\t\t\t\t<\/div>\n\t\t\t\t<div class=\"elementor-element elementor-element-cefef2c elementor-mobile-align-justify elementor-widget elementor-widget-button\" data-id=\"cefef2c\" data-element_type=\"widget\" data-e-type=\"widget\" data-widget_type=\"button.default\">\n\t\t\t\t<div class=\"elementor-widget-container\">\n\t\t\t\t\t\t\t\t\t<div class=\"elementor-button-wrapper\">\n\t\t\t\t\t<a class=\"elementor-button elementor-button-link elementor-size-lg\" href=\"\/en\/yhteystiedot\/\">\n\t\t\t\t\t\t<span class=\"elementor-button-content-wrapper\">\n\t\t\t\t\t\t\t\t\t<span class=\"elementor-button-text\">CONTACT US<\/span>\n\t\t\t\t\t<\/span>\n\t\t\t\t\t<\/a>\n\t\t\t\t<\/div>\n\t\t\t\t\t\t\t\t<\/div>\n\t\t\t\t<\/div>\n\t\t\t\t<\/div>\n\t\t<div class=\"elementor-element elementor-element-26c2539 e-con-full e-flex e-con e-parent\" data-id=\"26c2539\" data-element_type=\"container\" data-e-type=\"container\" data-settings=\"{&quot;jet_parallax_layout_list&quot;:[],&quot;background_background&quot;:&quot;classic&quot;}\">\n\t\t\t\t<div class=\"elementor-element elementor-element-3b6ab8e elementor-widget elementor-widget-heading\" data-id=\"3b6ab8e\" data-element_type=\"widget\" data-e-type=\"widget\" data-widget_type=\"heading.default\">\n\t\t\t\t<div class=\"elementor-widget-container\">\n\t\t\t\t\t<h1 class=\"elementor-heading-title elementor-size-default\">Contact<\/h1>\t\t\t\t<\/div>\n\t\t\t\t<\/div>\n\t\t\t\t<div class=\"elementor-element elementor-element-29d80fd elementor-icon-list--layout-traditional elementor-list-item-link-full_width elementor-widget elementor-widget-icon-list\" data-id=\"29d80fd\" data-element_type=\"widget\" data-e-type=\"widget\" data-widget_type=\"icon-list.default\">\n\t\t\t\t<div class=\"elementor-widget-container\">\n\t\t\t\t\t\t\t<ul class=\"elementor-icon-list-items\">\n\t\t\t\t\t\t\t<li class=\"elementor-icon-list-item\">\n\t\t\t\t\t\t\t\t\t\t\t<span class=\"elementor-icon-list-icon\">\n\t\t\t\t\t\t\t<i aria-hidden=\"true\" class=\"far fa-building\"><\/i>\t\t\t\t\t\t<\/span>\n\t\t\t\t\t\t\t\t\t\t<span class=\"elementor-icon-list-text\">PV-Marine LTD<\/span>\n\t\t\t\t\t\t\t\t\t<\/li>\n\t\t\t\t\t\t\t\t<li class=\"elementor-icon-list-item\">\n\t\t\t\t\t\t\t\t\t\t\t<span class=\"elementor-icon-list-icon\">\n\t\t\t\t\t\t\t<i aria-hidden=\"true\" class=\"fas fa-map-marker-alt\"><\/i>\t\t\t\t\t\t<\/span>\n\t\t\t\t\t\t\t\t\t\t<span class=\"elementor-icon-list-text\">Muntontie 5 23930 Pyh\u00e4maa, Finland<\/span>\n\t\t\t\t\t\t\t\t\t<\/li>\n\t\t\t\t\t\t\t\t<li class=\"elementor-icon-list-item\">\n\t\t\t\t\t\t\t\t\t\t\t<span class=\"elementor-icon-list-icon\">\n\t\t\t\t\t\t\t<i aria-hidden=\"true\" class=\"fas fa-envelope\"><\/i>\t\t\t\t\t\t<\/span>\n\t\t\t\t\t\t\t\t\t\t<span class=\"elementor-icon-list-text\">info@pvmarine.fi<\/span>\n\t\t\t\t\t\t\t\t\t<\/li>\n\t\t\t\t\t\t\t\t<li class=\"elementor-icon-list-item\">\n\t\t\t\t\t\t\t\t\t\t\t<span class=\"elementor-icon-list-icon\">\n\t\t\t\t\t\t\t<i aria-hidden=\"true\" class=\"fas fa-phone-alt\"><\/i>\t\t\t\t\t\t<\/span>\n\t\t\t\t\t\t\t\t\t\t<span class=\"elementor-icon-list-text\">+358407240812<\/span>\n\t\t\t\t\t\t\t\t\t<\/li>\n\t\t\t\t\t\t<\/ul>\n\t\t\t\t\t\t<\/div>\n\t\t\t\t<\/div>\n\t\t\t\t<div class=\"elementor-element elementor-element-014100d elementor-widget elementor-widget-text-editor\" data-id=\"014100d\" data-element_type=\"widget\" data-e-type=\"widget\" data-widget_type=\"text-editor.default\">\n\t\t\t\t<div class=\"elementor-widget-container\">\n\t\t\t\t\t\t\t\t\t<p>For more information by phone or E-mail.<\/p><p>Petri V\u00e5ng<br \/>Chief Engineer STCW III\/2<\/p>\t\t\t\t\t\t\t\t<\/div>\n\t\t\t\t<\/div>\n\t\t\t\t<div class=\"elementor-element elementor-element-8da57b7 elementor-widget elementor-widget-image\" data-id=\"8da57b7\" data-element_type=\"widget\" data-e-type=\"widget\" data-widget_type=\"image.default\">\n\t\t\t\t<div class=\"elementor-widget-container\">\n\t\t\t\t\t\t\t\t\t\t\t\t\t\t\t\t<a href=\"https:\/\/www.vastuugroup.fi\/fi-fi\/palvelut\/luotettava-kumppani\" target=\"_blank\" rel=\"noopener\">\n\t\t\t\t\t\t\t<img fetchpriority=\"high\" decoding=\"async\" width=\"792\" height=\"393\" src=\"https:\/\/pvmarine.fi\/wp-content\/uploads\/2023\/04\/luotettava_kumppani_logo_792x393.png\" class=\"attachment-large size-large wp-image-384\" alt=\"Luotettava kumppani logo\" srcset=\"https:\/\/pvmarine.fi\/wp-content\/uploads\/2023\/04\/luotettava_kumppani_logo_792x393.png 792w, https:\/\/pvmarine.fi\/wp-content\/uploads\/2023\/04\/luotettava_kumppani_logo_792x393-300x149.png 300w, https:\/\/pvmarine.fi\/wp-content\/uploads\/2023\/04\/luotettava_kumppani_logo_792x393-768x381.png 768w\" sizes=\"(max-width: 792px) 100vw, 792px\" \/>\t\t\t\t\t\t\t\t<\/a>\n\t\t\t\t\t\t\t\t\t\t\t\t\t\t\t<\/div>\n\t\t\t\t<\/div>\n\t\t\t\t<\/div>\n\t\t\t\t\t<\/div>\n\t\t\t\t<\/div>\n\t\t\t\t<\/div>","protected":false},"excerpt":{"rendered":"<p>PALVELUT J\u00e4rjestelmien k\u00e4ytt\u00f6\u00f6notto telakoilla ja voimalaitoksilla. Tekninen konsultointi. Projekti suunnittelu ja valvonta. OTA YHTEYTT\u00c4 YHTEYSTIEDOT PV-Marine OY Muntontie 5 23930 Pyh\u00e4maa info@pvmarine.fi +358407240812 Soita tai laita viesti\u00e4, niin kerron lis\u00e4\u00e4. Petri V\u00e5ngYlikonemestari STCW III\/2<\/p>","protected":false},"author":1,"featured_media":0,"parent":0,"menu_order":0,"comment_status":"closed","ping_status":"closed","template":"","meta":{"iawp_total_views":3,"footnotes":""},"class_list":["post-470","page","type-page","status-publish","hentry"],"_links":{"self":[{"href":"https:\/\/pvmarine.fi\/en\/wp-json\/wp\/v2\/pages\/470","targetHints":{"allow":["GET"]}}],"collection":[{"href":"https:\/\/pvmarine.fi\/en\/wp-json\/wp\/v2\/pages"}],"about":[{"href":"https:\/\/pvmarine.fi\/en\/wp-json\/wp\/v2\/types\/page"}],"author":[{"embeddable":true,"href":"https:\/\/pvmarine.fi\/en\/wp-json\/wp\/v2\/users\/1"}],"replies":[{"embeddable":true,"href":"https:\/\/pvmarine.fi\/en\/wp-json\/wp\/v2\/comments?post=470"}],"version-history":[{"count":58,"href":"https:\/\/pvmarine.fi\/en\/wp-json\/wp\/v2\/pages\/470\/revisions"}],"predecessor-version":[{"id":646,"href":"https:\/\/pvmarine.fi\/en\/wp-json\/wp\/v2\/pages\/470\/revisions\/646"}],"wp:attachment":[{"href":"https:\/\/pvmarine.fi\/en\/wp-json\/wp\/v2\/media?parent=470"}],"curies":[{"name":"wp","href":"https:\/\/api.w.org\/{rel}","templated":true}]}}