{"id":444,"date":"2023-05-08T11:04:01","date_gmt":"2023-05-08T11:04:01","guid":{"rendered":"https:\/\/pvmarine.fi\/?page_id=444"},"modified":"2023-06-07T15:11:50","modified_gmt":"2023-06-07T15:11:50","slug":"yhteystiedot","status":"publish","type":"page","link":"https:\/\/pvmarine.fi\/en\/yhteystiedot\/","title":{"rendered":"Contact"},"content":{"rendered":"<div data-elementor-type=\"wp-page\" data-elementor-id=\"444\" class=\"elementor elementor-444\" data-elementor-post-type=\"page\">\n\t\t\t\t<div class=\"elementor-element elementor-element-7efcecb e-flex e-con-boxed e-con e-parent\" data-id=\"7efcecb\" data-element_type=\"container\" data-e-type=\"container\" data-settings=\"{&quot;background_background&quot;:&quot;classic&quot;,&quot;jet_parallax_layout_list&quot;:[]}\">\n\t\t\t\t\t<div class=\"e-con-inner\">\n\t\t<div class=\"elementor-element elementor-element-3ce8972 e-con-full elementor-hidden-mobile e-flex e-con e-parent\" data-id=\"3ce8972\" data-element_type=\"container\" data-e-type=\"container\" data-settings=\"{&quot;jet_parallax_layout_list&quot;:[]}\">\n\t\t\t\t<div class=\"elementor-element elementor-element-fe284b7 elementor-widget elementor-widget-template\" data-id=\"fe284b7\" data-element_type=\"widget\" data-e-type=\"widget\" data-widget_type=\"template.default\">\n\t\t\t\t<div class=\"elementor-widget-container\">\n\t\t\t\t\t\t\t<div class=\"elementor-template\">\n\t\t\t\t\t<div data-elementor-type=\"section\" data-elementor-id=\"509\" class=\"elementor elementor-509\" data-elementor-post-type=\"elementor_library\">\n\t\t\t<div class=\"elementor-element elementor-element-8f08f40 e-flex e-con-boxed e-con e-parent\" data-id=\"8f08f40\" data-element_type=\"container\" data-e-type=\"container\" data-settings=\"{&quot;jet_parallax_layout_list&quot;:[]}\">\n\t\t\t\t\t<div class=\"e-con-inner\">\n\t\t\t\t<div class=\"elementor-element elementor-element-99c2f18 elementor-hidden-mobile elementor-widget elementor-widget-gallery\" data-id=\"99c2f18\" data-element_type=\"widget\" data-e-type=\"widget\" data-settings=\"{&quot;columns&quot;:2,&quot;aspect_ratio&quot;:&quot;1:1&quot;,&quot;gallery_layout&quot;:&quot;grid&quot;,&quot;columns_tablet&quot;:2,&quot;columns_mobile&quot;:1,&quot;gap&quot;:{&quot;unit&quot;:&quot;px&quot;,&quot;size&quot;:10,&quot;sizes&quot;:[]},&quot;gap_laptop&quot;:{&quot;unit&quot;:&quot;px&quot;,&quot;size&quot;:10,&quot;sizes&quot;:[]},&quot;gap_tablet&quot;:{&quot;unit&quot;:&quot;px&quot;,&quot;size&quot;:10,&quot;sizes&quot;:[]},&quot;gap_mobile&quot;:{&quot;unit&quot;:&quot;px&quot;,&quot;size&quot;:10,&quot;sizes&quot;:[]},&quot;link_to&quot;:&quot;file&quot;,&quot;overlay_background&quot;:&quot;yes&quot;,&quot;content_hover_animation&quot;:&quot;fade-in&quot;}\" data-widget_type=\"gallery.default\">\n\t\t\t\t<div class=\"elementor-widget-container\">\n\t\t\t\t\t\t\t<div class=\"elementor-gallery__container\">\n\t\t\t\t\t\t\t<a class=\"e-gallery-item elementor-gallery-item elementor-animated-content\" href=\"https:\/\/pvmarine.fi\/wp-content\/uploads\/2023\/04\/Laivan_koneisto-scaled.jpeg\" data-elementor-open-lightbox=\"yes\" data-elementor-lightbox-slideshow=\"99c2f18\" data-e-action-hash=\"#elementor-action%3Aaction%3Dlightbox%26settings%3DeyJpZCI6MzQ1LCJ1cmwiOiJodHRwczpcL1wvcHZtYXJpbmUuZmlcL3dwLWNvbnRlbnRcL3VwbG9hZHNcLzIwMjNcLzA0XC9MYWl2YW5fa29uZWlzdG8tc2NhbGVkLmpwZWciLCJzbGlkZXNob3ciOiI5OWMyZjE4In0%3D\">\n\t\t\t\t\t<div class=\"e-gallery-image elementor-gallery-item__image\" data-thumbnail=\"https:\/\/pvmarine.fi\/wp-content\/uploads\/2023\/04\/Laivan_koneisto-1024x768.jpeg\" data-width=\"800\" data-height=\"600\" aria-label=\"Punaiset laivan koneisto putkistot\" role=\"img\" ><\/div>\n\t\t\t\t\t\t\t\t\t\t\t<div class=\"elementor-gallery-item__overlay\"><\/div>\n\t\t\t\t\t\t\t\t\t\t\t\t\t\t<\/a>\n\t\t\t\t\t\t\t<a class=\"e-gallery-item elementor-gallery-item elementor-animated-content\" href=\"https:\/\/pvmarine.fi\/wp-content\/uploads\/2023\/04\/Koneisto-scaled.jpeg\" data-elementor-open-lightbox=\"yes\" data-elementor-lightbox-slideshow=\"99c2f18\" data-e-action-hash=\"#elementor-action%3Aaction%3Dlightbox%26settings%3DeyJpZCI6MzQ3LCJ1cmwiOiJodHRwczpcL1wvcHZtYXJpbmUuZmlcL3dwLWNvbnRlbnRcL3VwbG9hZHNcLzIwMjNcLzA0XC9Lb25laXN0by1zY2FsZWQuanBlZyIsInNsaWRlc2hvdyI6Ijk5YzJmMTgifQ%3D%3D\">\n\t\t\t\t\t<div class=\"e-gallery-image elementor-gallery-item__image\" data-thumbnail=\"https:\/\/pvmarine.fi\/wp-content\/uploads\/2023\/04\/Koneisto-768x1024.jpeg\" data-width=\"768\" data-height=\"1024\" aria-label=\"Dry chemical powder system\" role=\"img\" ><\/div>\n\t\t\t\t\t\t\t\t\t\t\t<div class=\"elementor-gallery-item__overlay\"><\/div>\n\t\t\t\t\t\t\t\t\t\t\t\t\t\t<\/a>\n\t\t\t\t\t\t\t<a class=\"e-gallery-item elementor-gallery-item elementor-animated-content\" href=\"https:\/\/pvmarine.fi\/wp-content\/uploads\/2023\/04\/Laivan_sisalla-scaled.jpeg\" data-elementor-open-lightbox=\"yes\" data-elementor-lightbox-slideshow=\"99c2f18\" data-e-action-hash=\"#elementor-action%3Aaction%3Dlightbox%26settings%3DeyJpZCI6MzM5LCJ1cmwiOiJodHRwczpcL1wvcHZtYXJpbmUuZmlcL3dwLWNvbnRlbnRcL3VwbG9hZHNcLzIwMjNcLzA0XC9MYWl2YW5fc2lzYWxsYS1zY2FsZWQuanBlZyIsInNsaWRlc2hvdyI6Ijk5YzJmMTgifQ%3D%3D\">\n\t\t\t\t\t<div class=\"e-gallery-image elementor-gallery-item__image\" data-thumbnail=\"https:\/\/pvmarine.fi\/wp-content\/uploads\/2023\/04\/Laivan_sisalla-1024x768.jpeg\" data-width=\"800\" data-height=\"600\" aria-label=\"Laivan koneistoa sis\u00e4lt\u00e4 katsottuna\" role=\"img\" ><\/div>\n\t\t\t\t\t\t\t\t\t\t\t<div class=\"elementor-gallery-item__overlay\"><\/div>\n\t\t\t\t\t\t\t\t\t\t\t\t\t\t<\/a>\n\t\t\t\t\t\t\t<a class=\"e-gallery-item elementor-gallery-item elementor-animated-content\" href=\"https:\/\/pvmarine.fi\/wp-content\/uploads\/2023\/04\/Laivan_Pohja_IMG-scaled.jpeg\" data-elementor-open-lightbox=\"yes\" data-elementor-lightbox-slideshow=\"99c2f18\" data-e-action-hash=\"#elementor-action%3Aaction%3Dlightbox%26settings%3DeyJpZCI6MjI4LCJ1cmwiOiJodHRwczpcL1wvcHZtYXJpbmUuZmlcL3dwLWNvbnRlbnRcL3VwbG9hZHNcLzIwMjNcLzA0XC9MYWl2YW5fUG9oamFfSU1HLXNjYWxlZC5qcGVnIiwic2xpZGVzaG93IjoiOTljMmYxOCJ9\">\n\t\t\t\t\t<div class=\"e-gallery-image elementor-gallery-item__image\" data-thumbnail=\"https:\/\/pvmarine.fi\/wp-content\/uploads\/2023\/04\/Laivan_Pohja_IMG-1024x768.jpeg\" data-width=\"800\" data-height=\"600\" aria-label=\"Laivan pohja runko alhaalta p\u00e4in katsottuna\" role=\"img\" ><\/div>\n\t\t\t\t\t\t\t\t\t\t\t<div class=\"elementor-gallery-item__overlay\"><\/div>\n\t\t\t\t\t\t\t\t\t\t\t\t\t\t<\/a>\n\t\t\t\t\t\t\t<a class=\"e-gallery-item elementor-gallery-item elementor-animated-content\" href=\"https:\/\/pvmarine.fi\/wp-content\/uploads\/2023\/05\/PV-Marine_laivan_valmistus.jpg\" data-elementor-open-lightbox=\"yes\" data-elementor-lightbox-slideshow=\"99c2f18\" data-e-action-hash=\"#elementor-action%3Aaction%3Dlightbox%26settings%3DeyJpZCI6NTEwLCJ1cmwiOiJodHRwczpcL1wvcHZtYXJpbmUuZmlcL3dwLWNvbnRlbnRcL3VwbG9hZHNcLzIwMjNcLzA1XC9QVi1NYXJpbmVfbGFpdmFuX3ZhbG1pc3R1cy5qcGciLCJzbGlkZXNob3ciOiI5OWMyZjE4In0%3D\">\n\t\t\t\t\t<div class=\"e-gallery-image elementor-gallery-item__image\" data-thumbnail=\"https:\/\/pvmarine.fi\/wp-content\/uploads\/2023\/05\/PV-Marine_laivan_valmistus-1024x768.jpg\" data-width=\"800\" data-height=\"600\" aria-label=\"laivan rakennus prosessi\" role=\"img\" ><\/div>\n\t\t\t\t\t\t\t\t\t\t\t<div class=\"elementor-gallery-item__overlay\"><\/div>\n\t\t\t\t\t\t\t\t\t\t\t\t\t\t<\/a>\n\t\t\t\t\t\t\t<a class=\"e-gallery-item elementor-gallery-item elementor-animated-content\" href=\"https:\/\/pvmarine.fi\/wp-content\/uploads\/2023\/05\/PV-Marine_laivan_jarjestelma-scaled.jpeg\" data-elementor-open-lightbox=\"yes\" data-elementor-lightbox-slideshow=\"99c2f18\" data-e-action-hash=\"#elementor-action%3Aaction%3Dlightbox%26settings%3DeyJpZCI6NTExLCJ1cmwiOiJodHRwczpcL1wvcHZtYXJpbmUuZmlcL3dwLWNvbnRlbnRcL3VwbG9hZHNcLzIwMjNcLzA1XC9QVi1NYXJpbmVfbGFpdmFuX2phcmplc3RlbG1hLXNjYWxlZC5qcGVnIiwic2xpZGVzaG93IjoiOTljMmYxOCJ9\">\n\t\t\t\t\t<div class=\"e-gallery-image elementor-gallery-item__image\" data-thumbnail=\"https:\/\/pvmarine.fi\/wp-content\/uploads\/2023\/05\/PV-Marine_laivan_jarjestelma-1024x768.jpeg\" data-width=\"800\" data-height=\"600\" aria-label=\"laivan putkistoj\u00e4rjestelm\u00e4\" role=\"img\" ><\/div>\n\t\t\t\t\t\t\t\t\t\t\t<div class=\"elementor-gallery-item__overlay\"><\/div>\n\t\t\t\t\t\t\t\t\t\t\t\t\t\t<\/a>\n\t\t\t\t\t\t\t<a class=\"e-gallery-item elementor-gallery-item elementor-animated-content\" href=\"https:\/\/pvmarine.fi\/wp-content\/uploads\/2023\/05\/PV-Marine_laivan_putki.jpg\" data-elementor-open-lightbox=\"yes\" data-elementor-lightbox-slideshow=\"99c2f18\" data-e-action-hash=\"#elementor-action%3Aaction%3Dlightbox%26settings%3DeyJpZCI6NTEyLCJ1cmwiOiJodHRwczpcL1wvcHZtYXJpbmUuZmlcL3dwLWNvbnRlbnRcL3VwbG9hZHNcLzIwMjNcLzA1XC9QVi1NYXJpbmVfbGFpdmFuX3B1dGtpLmpwZyIsInNsaWRlc2hvdyI6Ijk5YzJmMTgifQ%3D%3D\">\n\t\t\t\t\t<div class=\"e-gallery-image elementor-gallery-item__image\" data-thumbnail=\"https:\/\/pvmarine.fi\/wp-content\/uploads\/2023\/05\/PV-Marine_laivan_putki-1024x768.jpg\" data-width=\"800\" data-height=\"600\" aria-label=\"Laivan putki\" role=\"img\" ><\/div>\n\t\t\t\t\t\t\t\t\t\t\t<div class=\"elementor-gallery-item__overlay\"><\/div>\n\t\t\t\t\t\t\t\t\t\t\t\t\t\t<\/a>\n\t\t\t\t\t\t\t<a class=\"e-gallery-item elementor-gallery-item elementor-animated-content\" href=\"https:\/\/pvmarine.fi\/wp-content\/uploads\/2023\/05\/PV-Marine_Laivan_putkistot-scaled.jpeg\" data-elementor-open-lightbox=\"yes\" data-elementor-lightbox-slideshow=\"99c2f18\" data-e-action-hash=\"#elementor-action%3Aaction%3Dlightbox%26settings%3DeyJpZCI6NTEzLCJ1cmwiOiJodHRwczpcL1wvcHZtYXJpbmUuZmlcL3dwLWNvbnRlbnRcL3VwbG9hZHNcLzIwMjNcLzA1XC9QVi1NYXJpbmVfTGFpdmFuX3B1dGtpc3RvdC1zY2FsZWQuanBlZyIsInNsaWRlc2hvdyI6Ijk5YzJmMTgifQ%3D%3D\">\n\t\t\t\t\t<div class=\"e-gallery-image elementor-gallery-item__image\" data-thumbnail=\"https:\/\/pvmarine.fi\/wp-content\/uploads\/2023\/05\/PV-Marine_Laivan_putkistot-1024x768.jpeg\" data-width=\"800\" data-height=\"600\" aria-label=\"laivan rakennuksen j\u00e4rjestelm\u00e4putket\" role=\"img\" ><\/div>\n\t\t\t\t\t\t\t\t\t\t\t<div class=\"elementor-gallery-item__overlay\"><\/div>\n\t\t\t\t\t\t\t\t\t\t\t\t\t\t<\/a>\n\t\t\t\t\t\t\t<a class=\"e-gallery-item elementor-gallery-item elementor-animated-content\" href=\"https:\/\/pvmarine.fi\/wp-content\/uploads\/2023\/05\/Pipe5-094.jpg\" data-elementor-open-lightbox=\"yes\" data-elementor-lightbox-slideshow=\"99c2f18\" data-e-action-hash=\"#elementor-action%3Aaction%3Dlightbox%26settings%3DeyJpZCI6NTcwLCJ1cmwiOiJodHRwczpcL1wvcHZtYXJpbmUuZmlcL3dwLWNvbnRlbnRcL3VwbG9hZHNcLzIwMjNcLzA1XC9QaXBlNS0wOTQuanBnIiwic2xpZGVzaG93IjoiOTljMmYxOCJ9\">\n\t\t\t\t\t<div class=\"e-gallery-image elementor-gallery-item__image\" data-thumbnail=\"https:\/\/pvmarine.fi\/wp-content\/uploads\/2023\/05\/Pipe5-094-1024x768.jpg\" data-width=\"800\" data-height=\"600\" aria-label=\"putkit\u00f6it\u00e4 laivaprojektissa\" role=\"img\" ><\/div>\n\t\t\t\t\t\t\t\t\t\t\t<div class=\"elementor-gallery-item__overlay\"><\/div>\n\t\t\t\t\t\t\t\t\t\t\t\t\t\t<\/a>\n\t\t\t\t\t\t\t<a class=\"e-gallery-item elementor-gallery-item elementor-animated-content\" href=\"https:\/\/pvmarine.fi\/wp-content\/uploads\/2023\/05\/Econom2_10052006060.jpg\" data-elementor-open-lightbox=\"yes\" data-elementor-lightbox-slideshow=\"99c2f18\" data-e-action-hash=\"#elementor-action%3Aaction%3Dlightbox%26settings%3DeyJpZCI6NTcxLCJ1cmwiOiJodHRwczpcL1wvcHZtYXJpbmUuZmlcL3dwLWNvbnRlbnRcL3VwbG9hZHNcLzIwMjNcLzA1XC9FY29ub20yXzEwMDUyMDA2MDYwLmpwZyIsInNsaWRlc2hvdyI6Ijk5YzJmMTgifQ%3D%3D\">\n\t\t\t\t\t<div class=\"e-gallery-image elementor-gallery-item__image\" data-thumbnail=\"https:\/\/pvmarine.fi\/wp-content\/uploads\/2023\/05\/Econom2_10052006060-1024x768.jpg\" data-width=\"800\" data-height=\"600\" aria-label=\"Ty\u00f6mies ty\u00f6st\u00e4m\u00e4ss\u00e4 putkija laivalla\" role=\"img\" ><\/div>\n\t\t\t\t\t\t\t\t\t\t\t<div class=\"elementor-gallery-item__overlay\"><\/div>\n\t\t\t\t\t\t\t\t\t\t\t\t\t\t<\/a>\n\t\t\t\t\t<\/div>\n\t\t\t\t\t<\/div>\n\t\t\t\t<\/div>\n\t\t\t\t\t<\/div>\n\t\t\t\t<\/div>\n\t\t\t\t<\/div>\n\t\t\t\t<\/div>\n\t\t\t\t\t\t<\/div>\n\t\t\t\t<\/div>\n\t\t\t\t<\/div>\n\t\t<div class=\"elementor-element elementor-element-d65a652 e-con-full e-flex e-con e-parent\" data-id=\"d65a652\" data-element_type=\"container\" data-e-type=\"container\" data-settings=\"{&quot;jet_parallax_layout_list&quot;:[]}\">\n\t\t\t\t<div class=\"elementor-element elementor-element-9d31d73 elementor-widget elementor-widget-image\" data-id=\"9d31d73\" data-element_type=\"widget\" data-e-type=\"widget\" data-widget_type=\"image.default\">\n\t\t\t\t<div class=\"elementor-widget-container\">\n\t\t\t\t\t\t\t\t\t\t\t\t\t\t\t<img fetchpriority=\"high\" decoding=\"async\" width=\"800\" height=\"272\" src=\"https:\/\/pvmarine.fi\/wp-content\/uploads\/2023\/04\/PvMarineOy_Valkoinen_Logo_2023-1024x348.png\" class=\"attachment-large size-large wp-image-282\" alt=\"Valkoinen PV-Marine Oy logo\" srcset=\"https:\/\/pvmarine.fi\/wp-content\/uploads\/2023\/04\/PvMarineOy_Valkoinen_Logo_2023-1024x348.png 1024w, https:\/\/pvmarine.fi\/wp-content\/uploads\/2023\/04\/PvMarineOy_Valkoinen_Logo_2023-300x102.png 300w, https:\/\/pvmarine.fi\/wp-content\/uploads\/2023\/04\/PvMarineOy_Valkoinen_Logo_2023-768x261.png 768w, https:\/\/pvmarine.fi\/wp-content\/uploads\/2023\/04\/PvMarineOy_Valkoinen_Logo_2023-1536x522.png 1536w, https:\/\/pvmarine.fi\/wp-content\/uploads\/2023\/04\/PvMarineOy_Valkoinen_Logo_2023-2048x696.png 2048w\" sizes=\"(max-width: 800px) 100vw, 800px\" \/>\t\t\t\t\t\t\t\t\t\t\t\t\t\t\t<\/div>\n\t\t\t\t<\/div>\n\t\t\t\t<div class=\"elementor-element elementor-element-9c3c45c elementor-widget elementor-widget-text-editor\" data-id=\"9c3c45c\" data-element_type=\"widget\" data-e-type=\"widget\" data-widget_type=\"text-editor.default\">\n\t\t\t\t<div class=\"elementor-widget-container\">\n\t\t\t\t\t\t\t\t\t<p class=\"Leipteksti\">Marine engineering since 1992.<\/p>\t\t\t\t\t\t\t\t<\/div>\n\t\t\t\t<\/div>\n\t\t\t\t<div class=\"elementor-element elementor-element-d3505df elementor-widget-divider--view-line elementor-widget elementor-widget-divider\" data-id=\"d3505df\" data-element_type=\"widget\" data-e-type=\"widget\" data-widget_type=\"divider.default\">\n\t\t\t\t<div class=\"elementor-widget-container\">\n\t\t\t\t\t\t\t<div class=\"elementor-divider\">\n\t\t\t<span class=\"elementor-divider-separator\">\n\t\t\t\t\t\t<\/span>\n\t\t<\/div>\n\t\t\t\t\t\t<\/div>\n\t\t\t\t<\/div>\n\t\t\t\t<div class=\"elementor-element elementor-element-91c0653 elementor-widget elementor-widget-heading\" data-id=\"91c0653\" data-element_type=\"widget\" data-e-type=\"widget\" data-widget_type=\"heading.default\">\n\t\t\t\t<div class=\"elementor-widget-container\">\n\t\t\t\t\t<h1 class=\"elementor-heading-title elementor-size-default\">Contact<\/h1>\t\t\t\t<\/div>\n\t\t\t\t<\/div>\n\t\t\t\t<div class=\"elementor-element elementor-element-4900f8d elementor-align-center elementor-icon-list--layout-traditional elementor-list-item-link-full_width elementor-widget elementor-widget-icon-list\" data-id=\"4900f8d\" data-element_type=\"widget\" data-e-type=\"widget\" data-widget_type=\"icon-list.default\">\n\t\t\t\t<div class=\"elementor-widget-container\">\n\t\t\t\t\t\t\t<ul class=\"elementor-icon-list-items\">\n\t\t\t\t\t\t\t<li class=\"elementor-icon-list-item\">\n\t\t\t\t\t\t\t\t\t\t\t<span class=\"elementor-icon-list-icon\">\n\t\t\t\t\t\t\t<i aria-hidden=\"true\" class=\"far fa-building\"><\/i>\t\t\t\t\t\t<\/span>\n\t\t\t\t\t\t\t\t\t\t<span class=\"elementor-icon-list-text\">PV-Marine LTD<\/span>\n\t\t\t\t\t\t\t\t\t<\/li>\n\t\t\t\t\t\t\t\t<li class=\"elementor-icon-list-item\">\n\t\t\t\t\t\t\t\t\t\t\t<span class=\"elementor-icon-list-icon\">\n\t\t\t\t\t\t\t<i aria-hidden=\"true\" class=\"fas fa-map-marker-alt\"><\/i>\t\t\t\t\t\t<\/span>\n\t\t\t\t\t\t\t\t\t\t<span class=\"elementor-icon-list-text\">Muntontie 5 23930 Pyh\u00e4maa, Finland<\/span>\n\t\t\t\t\t\t\t\t\t<\/li>\n\t\t\t\t\t\t\t\t<li class=\"elementor-icon-list-item\">\n\t\t\t\t\t\t\t\t\t\t\t<span class=\"elementor-icon-list-icon\">\n\t\t\t\t\t\t\t<i aria-hidden=\"true\" class=\"fas fa-envelope\"><\/i>\t\t\t\t\t\t<\/span>\n\t\t\t\t\t\t\t\t\t\t<span class=\"elementor-icon-list-text\">info@pvmarine.fi<\/span>\n\t\t\t\t\t\t\t\t\t<\/li>\n\t\t\t\t\t\t\t\t<li class=\"elementor-icon-list-item\">\n\t\t\t\t\t\t\t\t\t\t\t<span class=\"elementor-icon-list-icon\">\n\t\t\t\t\t\t\t<i aria-hidden=\"true\" class=\"fas fa-phone-alt\"><\/i>\t\t\t\t\t\t<\/span>\n\t\t\t\t\t\t\t\t\t\t<span class=\"elementor-icon-list-text\">+358407240812<\/span>\n\t\t\t\t\t\t\t\t\t<\/li>\n\t\t\t\t\t\t<\/ul>\n\t\t\t\t\t\t<\/div>\n\t\t\t\t<\/div>\n\t\t\t\t<div class=\"elementor-element elementor-element-014100d elementor-widget elementor-widget-text-editor\" data-id=\"014100d\" data-element_type=\"widget\" data-e-type=\"widget\" data-widget_type=\"text-editor.default\">\n\t\t\t\t<div class=\"elementor-widget-container\">\n\t\t\t\t\t\t\t\t\t<p>For more information by phone or E-mail.<\/p><p>Petri V\u00e5ng<br \/>Chief Engineer STCW III\/2<\/p>\t\t\t\t\t\t\t\t<\/div>\n\t\t\t\t<\/div>\n\t\t\t\t<\/div>\n\t\t<div class=\"elementor-element elementor-element-26c2539 e-con-full e-flex e-con e-parent\" data-id=\"26c2539\" data-element_type=\"container\" data-e-type=\"container\" data-settings=\"{&quot;jet_parallax_layout_list&quot;:[]}\">\n\t\t\t\t<div class=\"elementor-element elementor-element-3b6ab8e elementor-widget elementor-widget-heading\" data-id=\"3b6ab8e\" data-element_type=\"widget\" data-e-type=\"widget\" data-widget_type=\"heading.default\">\n\t\t\t\t<div class=\"elementor-widget-container\">\n\t\t\t\t\t<h1 class=\"elementor-heading-title elementor-size-default\">CONTACT US<\/h1>\t\t\t\t<\/div>\n\t\t\t\t<\/div>\n\t\t<div class=\"elementor-element elementor-element-6f9b319 e-flex e-con-boxed e-con e-parent\" data-id=\"6f9b319\" data-element_type=\"container\" data-e-type=\"container\" data-settings=\"{&quot;background_background&quot;:&quot;classic&quot;,&quot;jet_parallax_layout_list&quot;:[]}\">\n\t\t\t\t\t<div class=\"e-con-inner\">\n\t\t\t\t<div class=\"elementor-element elementor-element-e362b48 elementor-widget elementor-widget-jet-form-builder-form\" data-id=\"e362b48\" data-element_type=\"widget\" data-e-type=\"widget\" data-widget_type=\"jet-form-builder-form.default\">\n\t\t\t\t<div class=\"elementor-widget-container\">\n\t\t\t\t\t<link rel='stylesheet' id='wp-block-library-css' href='https:\/\/pvmarine.fi\/wp-includes\/css\/dist\/block-library\/style.min.css' media='all' \/>\n<style id=\"jet-form-builder-414-inline-css\"><\/style><form  class=\"jet-form-builder layout-column submit-type-reload\" action=\"https:\/\/pvmarine.fi\/en\/wp-json\/wp\/v2\/pages\/444\/?d10uA4=0nJb47X555mm&#038;method=reload\" method=\"POST\" data-form-id=\"414\" data-layout=\"column\" enctype=\"multipart\/form-data\" novalidate=\"null\" ssr_validation_method=\"rest\" data-trp-original-action=\"https:\/\/pvmarine.fi\/en\/wp-json\/wp\/v2\/pages\/444\/?d10uA4=0nJb47X555mm&amp;method=reload\"><input type=\"hidden\" id=\"_wpnonce\" name=\"_wpnonce\" value=\"a61227723f\" \/><input type=\"hidden\" name=\"_wp_http_referer\" value=\"\/en\/wp-json\/wp\/v2\/pages\/444\" \/>\r\n<input type=\"hidden\" name=\"_jfb_current_render_states[]\" value=\"DEFAULT.STATE\" data-jfb-sync \/><input type=\"hidden\" class=\"jet-form-builder__field hidden-field\" name=\"_jet_engine_booking_form_id\" data-field-name=\"_jet_engine_booking_form_id\" value=\"414\">\n<input type=\"hidden\" class=\"jet-form-builder__field hidden-field\" name=\"_jet_engine_refer\" data-field-name=\"_jet_engine_refer\" value=\"https:\/\/pvmarine.fi\/en\/wp-json\/wp\/v2\/pages\/444\/\">\n<input type=\"hidden\" class=\"jet-form-builder__field hidden-field\" name=\"__queried_post_id\" data-field-name=\"__queried_post_id\" value=\"444\">\n<div  class=\"jet-form-builder-row field-type-text-field\" >\n<div class=\"jet-form-builder__label\">\r\n<div class=\"jet-form-builder__label-text\">Name <span class=\"jet-form-builder__required\">*<\/span><\/div><\/div><div class=\"jet-form-builder__field-wrap\">\n\t\t\t\t<input required=\"required\" name=\"nimi\" id=\"nimi\" type=\"text\" data-field-name=\"nimi\" class=\"jet-form-builder__field text-field\" data-jfb-sync=\"null\" autocomplete=\"off_NqL8Y9aZ\">\n\t\t\t\t\t<\/div>\n<\/div>\n\n<div  class=\"jet-form-builder-row field-type-text-field\" >\n<div class=\"jet-form-builder__label\">\r\n<div class=\"jet-form-builder__label-text\">Email <span class=\"jet-form-builder__required\">*<\/span><\/div><\/div><div class=\"jet-form-builder__field-wrap\">\n\t\t\t\t<input required=\"required\" name=\"sahkoposti\" id=\"sahkoposti\" type=\"email\" data-field-name=\"sahkoposti\" class=\"jet-form-builder__field text-field\" data-jfb-sync=\"null\" autocomplete=\"off_Jx7vTsdu\">\n\t\t\t\t\t<\/div>\n<\/div>\n\n<div  class=\"jet-form-builder-row field-type-text-field\" >\n<div class=\"jet-form-builder__label\">\r\n<div class=\"jet-form-builder__label-text\">Phone<\/div><\/div><div class=\"jet-form-builder__field-wrap\">\n\t\t\t\t<input name=\"puhelin\" id=\"puhelin\" type=\"tel\" data-field-name=\"puhelin\" class=\"jet-form-builder__field text-field\" data-jfb-sync=\"null\" autocomplete=\"off_IwJhUfap\">\n\t\t\t\t\t<\/div>\n<\/div>\n\n<div  class=\"jet-form-builder-row field-type-textarea-field\" >\n<div class=\"jet-form-builder__label\">\r\n<div class=\"jet-form-builder__label-text\">Message<\/div><\/div><div class=\"jet-form-builder__field-wrap\">\n\t\t<textarea class=\"jet-form-builder__field textarea-field\" name=\"viesti\" data-field-name=\"viesti\" id=\"viesti\" data-jfb-sync=\"null\"><\/textarea>\n\t<\/div>\n<\/div>\n\n<div  class=\"jet-form-builder-row field-type-submit-field\" >\n\t<div data-type=\"submit\" class=\"jet-form-builder__action-button-wrapper jet-form-builder__submit-wrap\">\n\t<button class=\"jet-form-builder__action-button jet-form-builder__submit submit-type-reload\" type=\"submit\">Send<\/button>\n\t<\/div>\n\t\n<\/div>\t<div class=\"jet-form-builder-messages-wrap\" data-form-id=\"414\"><\/div>\n<input type=\"hidden\" name=\"trp-form-language\" value=\"en\"\/><\/form>\n\t\t\t\t<\/div>\n\t\t\t\t<\/div>\n\t\t\t\t\t<\/div>\n\t\t\t\t<\/div>\n\t\t\t\t<div class=\"elementor-element elementor-element-8da57b7 elementor-widget elementor-widget-image\" data-id=\"8da57b7\" data-element_type=\"widget\" data-e-type=\"widget\" data-widget_type=\"image.default\">\n\t\t\t\t<div class=\"elementor-widget-container\">\n\t\t\t\t\t\t\t\t\t\t\t\t\t\t\t\t<a href=\"https:\/\/www.vastuugroup.fi\/fi-fi\/palvelut\/luotettava-kumppani\" target=\"_blank\" rel=\"noopener\">\n\t\t\t\t\t\t\t<img decoding=\"async\" width=\"792\" height=\"393\" src=\"https:\/\/pvmarine.fi\/wp-content\/uploads\/2023\/04\/luotettava_kumppani_logo_792x393.png\" class=\"attachment-large size-large wp-image-384\" alt=\"Luotettava kumppani logo\" srcset=\"https:\/\/pvmarine.fi\/wp-content\/uploads\/2023\/04\/luotettava_kumppani_logo_792x393.png 792w, https:\/\/pvmarine.fi\/wp-content\/uploads\/2023\/04\/luotettava_kumppani_logo_792x393-300x149.png 300w, https:\/\/pvmarine.fi\/wp-content\/uploads\/2023\/04\/luotettava_kumppani_logo_792x393-768x381.png 768w\" sizes=\"(max-width: 792px) 100vw, 792px\" \/>\t\t\t\t\t\t\t\t<\/a>\n\t\t\t\t\t\t\t\t\t\t\t\t\t\t\t<\/div>\n\t\t\t\t<\/div>\n\t\t\t\t<\/div>\n\t\t\t\t\t<\/div>\n\t\t\t\t<\/div>\n\t\t\t\t<\/div>","protected":false},"excerpt":{"rendered":"<p>Laivan rakennuksen ja energiatekniikan osaamista vuodesta 1992. YHTEYSTIEDOT PV-Marine OY Muntontie 5 23930 Pyh\u00e4maa info@pvmarine.fi +358407240812 Soita tai laita viesti\u00e4, niin kerron lis\u00e4\u00e4. Petri V\u00e5ngYlikonemestari STCW III\/2 OTA YHTEYTT\u00c4 Nimi * S\u00e4hk\u00f6posti * Puhelin Viesti L\u00e4het\u00e4<\/p>","protected":false},"author":1,"featured_media":0,"parent":0,"menu_order":0,"comment_status":"closed","ping_status":"closed","template":"","meta":{"iawp_total_views":5,"footnotes":""},"class_list":["post-444","page","type-page","status-publish","hentry"],"_links":{"self":[{"href":"https:\/\/pvmarine.fi\/en\/wp-json\/wp\/v2\/pages\/444","targetHints":{"allow":["GET"]}}],"collection":[{"href":"https:\/\/pvmarine.fi\/en\/wp-json\/wp\/v2\/pages"}],"about":[{"href":"https:\/\/pvmarine.fi\/en\/wp-json\/wp\/v2\/types\/page"}],"author":[{"embeddable":true,"href":"https:\/\/pvmarine.fi\/en\/wp-json\/wp\/v2\/users\/1"}],"replies":[{"embeddable":true,"href":"https:\/\/pvmarine.fi\/en\/wp-json\/wp\/v2\/comments?post=444"}],"version-history":[{"count":58,"href":"https:\/\/pvmarine.fi\/en\/wp-json\/wp\/v2\/pages\/444\/revisions"}],"predecessor-version":[{"id":649,"href":"https:\/\/pvmarine.fi\/en\/wp-json\/wp\/v2\/pages\/444\/revisions\/649"}],"wp:attachment":[{"href":"https:\/\/pvmarine.fi\/en\/wp-json\/wp\/v2\/media?parent=444"}],"curies":[{"name":"wp","href":"https:\/\/api.w.org\/{rel}","templated":true}]}}